{"id":1263,"date":"2026-03-05T20:08:22","date_gmt":"2026-03-05T19:08:22","guid":{"rendered":"https:\/\/www.ebner-heinz.at\/shopneu\/?post_type=product&#038;p=1263"},"modified":"2026-03-05T20:15:16","modified_gmt":"2026-03-05T19:15:16","slug":"kleines-anhaenge-kreuz-001","status":"publish","type":"product","link":"https:\/\/www.ebner-heinz.at\/shopneu\/produkt\/kleines-anhaenge-kreuz-001\/","title":{"rendered":"Kleines Anh\u00e4nge-Kreuz 001"},"content":{"rendered":"<p><i>Fusingglas-Anh\u00e4nge-Kreuz mit Lochbohrung und Ketten\u00f6se, ca. 11 x 16 cm<\/i><\/p>\n","protected":false},"excerpt":{"rendered":"<p>Fusingglas-Anh\u00e4nge-Kreuz mit Lochbohrung und Ketten\u00f6se, ca. 11 x 16 cm<\/p>\n","protected":false},"featured_media":1207,"comment_status":"open","ping_status":"closed","template":"","meta":{"_themeisle_gutenberg_block_has_review":false},"product_brand":[],"product_cat":[17,40],"product_tag":[],"class_list":{"0":"post-1263","1":"product","2":"type-product","3":"status-publish","4":"has-post-thumbnail","6":"product_cat-glasarbeiten","7":"product_cat-glaskreuze","9":"first","10":"instock","11":"sold-individually","12":"shipping-taxable","13":"purchasable","14":"product-type-simple"},"_links":{"self":[{"href":"https:\/\/www.ebner-heinz.at\/shopneu\/wp-json\/wp\/v2\/product\/1263","targetHints":{"allow":["GET"]}}],"collection":[{"href":"https:\/\/www.ebner-heinz.at\/shopneu\/wp-json\/wp\/v2\/product"}],"about":[{"href":"https:\/\/www.ebner-heinz.at\/shopneu\/wp-json\/wp\/v2\/types\/product"}],"replies":[{"embeddable":true,"href":"https:\/\/www.ebner-heinz.at\/shopneu\/wp-json\/wp\/v2\/comments?post=1263"}],"wp:featuredmedia":[{"embeddable":true,"href":"https:\/\/www.ebner-heinz.at\/shopneu\/wp-json\/wp\/v2\/media\/1207"}],"wp:attachment":[{"href":"https:\/\/www.ebner-heinz.at\/shopneu\/wp-json\/wp\/v2\/media?parent=1263"}],"wp:term":[{"taxonomy":"product_brand","embeddable":true,"href":"https:\/\/www.ebner-heinz.at\/shopneu\/wp-json\/wp\/v2\/product_brand?post=1263"},{"taxonomy":"product_cat","embeddable":true,"href":"https:\/\/www.ebner-heinz.at\/shopneu\/wp-json\/wp\/v2\/product_cat?post=1263"},{"taxonomy":"product_tag","embeddable":true,"href":"https:\/\/www.ebner-heinz.at\/shopneu\/wp-json\/wp\/v2\/product_tag?post=1263"}],"curies":[{"name":"wp","href":"https:\/\/api.w.org\/{rel}","templated":true}]}}