{"id":789,"date":"2025-12-24T15:32:50","date_gmt":"2025-12-24T14:32:50","guid":{"rendered":"https:\/\/www.ebner-heinz.at\/shp\/?post_type=product&#038;p=789"},"modified":"2026-02-28T01:14:45","modified_gmt":"2026-02-28T00:14:45","slug":"buechergeschenk-2","status":"publish","type":"product","link":"https:\/\/www.ebner-heinz.at\/shopneu\/produkt\/buechergeschenk-2\/","title":{"rendered":"B\u00dcCHERGESCHENK"},"content":{"rendered":"<p>Gicl\u00e9e-Druck auf Papier, Auflage 10 Blatt, Blattgr\u00f6\u00dfe 60 x 42 cm, 2024<\/p>\n","protected":false},"excerpt":{"rendered":"<p>Gicl\u00e9e-Druck auf Papier, Auflage 10 Blatt, Blattgr\u00f6\u00dfe 60 x 42 cm, 2024<\/p>\n","protected":false},"featured_media":377,"comment_status":"open","ping_status":"closed","template":"","meta":{"_themeisle_gutenberg_block_has_review":false},"product_brand":[],"product_cat":[35,18],"product_tag":[],"class_list":{"0":"post-789","1":"product","2":"type-product","3":"status-publish","4":"has-post-thumbnail","6":"product_cat-giclee-drucke","7":"product_cat-malerei","9":"first","10":"instock","11":"sold-individually","12":"shipping-taxable","13":"purchasable","14":"product-type-simple"},"_links":{"self":[{"href":"https:\/\/www.ebner-heinz.at\/shopneu\/wp-json\/wp\/v2\/product\/789","targetHints":{"allow":["GET"]}}],"collection":[{"href":"https:\/\/www.ebner-heinz.at\/shopneu\/wp-json\/wp\/v2\/product"}],"about":[{"href":"https:\/\/www.ebner-heinz.at\/shopneu\/wp-json\/wp\/v2\/types\/product"}],"replies":[{"embeddable":true,"href":"https:\/\/www.ebner-heinz.at\/shopneu\/wp-json\/wp\/v2\/comments?post=789"}],"wp:featuredmedia":[{"embeddable":true,"href":"https:\/\/www.ebner-heinz.at\/shopneu\/wp-json\/wp\/v2\/media\/377"}],"wp:attachment":[{"href":"https:\/\/www.ebner-heinz.at\/shopneu\/wp-json\/wp\/v2\/media?parent=789"}],"wp:term":[{"taxonomy":"product_brand","embeddable":true,"href":"https:\/\/www.ebner-heinz.at\/shopneu\/wp-json\/wp\/v2\/product_brand?post=789"},{"taxonomy":"product_cat","embeddable":true,"href":"https:\/\/www.ebner-heinz.at\/shopneu\/wp-json\/wp\/v2\/product_cat?post=789"},{"taxonomy":"product_tag","embeddable":true,"href":"https:\/\/www.ebner-heinz.at\/shopneu\/wp-json\/wp\/v2\/product_tag?post=789"}],"curies":[{"name":"wp","href":"https:\/\/api.w.org\/{rel}","templated":true}]}}